{"id":544,"date":"2024-05-20T08:09:20","date_gmt":"2024-05-20T06:09:20","guid":{"rendered":"http:\/\/zenobiatraducciones.net\/experiencias\/"},"modified":"2025-05-28T12:58:51","modified_gmt":"2025-05-28T10:58:51","slug":"experiencias","status":"publish","type":"page","link":"http:\/\/zenobiatraducciones.net\/en\/experiencias\/","title":{"rendered":"Experience"},"content":{"rendered":"<p>[et_pb_section fb_built=&#8221;1&#8243; module_class=&#8221;rota-horizontal&#8221; _builder_version=&#8221;4.18.0&#8243; _module_preset=&#8221;default&#8221; background_color=&#8221;#A12828&#8243; background_enable_image=&#8221;off&#8221; custom_padding=&#8221;0px||0px||true|false&#8221; box_shadow_style=&#8221;preset3&#8243; global_colors_info=&#8221;{}&#8221;][et_pb_row _builder_version=&#8221;4.18.0&#8243; _module_preset=&#8221;default&#8221; global_colors_info=&#8221;{}&#8221;][et_pb_column type=&#8221;4_4&#8243; _builder_version=&#8221;4.18.0&#8243; _module_preset=&#8221;default&#8221; global_colors_info=&#8221;{}&#8221;][et_pb_post_title meta=&#8221;off&#8221; featured_image=&#8221;off&#8221; admin_label=&#8221;T\u00edtulo de publicaci\u00f3n&#8221; _builder_version=&#8221;4.18.0&#8243; _module_preset=&#8221;default&#8221; title_font=&#8221;|800||on|||||&#8221; title_text_align=&#8221;left&#8221; title_text_color=&#8221;#FFFFFF&#8221; title_font_size=&#8221;42px&#8221; background_color=&#8221;RGBA(255,255,255,0)&#8221; custom_padding=&#8221;8px|13px|3px|13px|false|true&#8221; border_radii=&#8221;on|3px|3px|3px|3px&#8221; global_colors_info=&#8221;{}&#8221;][\/et_pb_post_title][\/et_pb_column][\/et_pb_row][\/et_pb_section][et_pb_section fb_built=&#8221;1&#8243; _builder_version=&#8221;4.25.0&#8243; _module_preset=&#8221;default&#8221; background_color=&#8221;#A12828&#8243; background_image=&#8221;http:\/\/zenobiatraducciones.net\/wp-content\/uploads\/2024\/05\/pexels-thepaintedsquare-2918997-scaled.jpg&#8221; background_blend=&#8221;overlay&#8221; custom_padding=&#8221;30px||30px||true|false&#8221; global_colors_info=&#8221;{}&#8221;][et_pb_row _builder_version=&#8221;4.18.0&#8243; _module_preset=&#8221;default&#8221; global_colors_info=&#8221;{}&#8221;][et_pb_column type=&#8221;4_4&#8243; _builder_version=&#8221;4.18.0&#8243; _module_preset=&#8221;default&#8221; global_colors_info=&#8221;{}&#8221;][et_pb_text _builder_version=&#8221;4.25.0&#8243; _module_preset=&#8221;default&#8221; header_2_font=&#8221;|300|||||||&#8221; header_2_text_color=&#8221;#FFFFFF&#8221; global_colors_info=&#8221;{}&#8221;]<\/p>\n<h2>We have provided translation and interpreting services both in booths and remotely for prestigious international cultural institutions, public organizations, universities and international entities.<\/h2>\n<p>[\/et_pb_text][\/et_pb_column][\/et_pb_row][\/et_pb_section][et_pb_section fb_built=&#8221;1&#8243; _builder_version=&#8221;4.25.0&#8243; _module_preset=&#8221;default&#8221; background_color=&#8221;RGBA(255,255,255,0)&#8221; custom_margin=&#8221;||||false|false&#8221; custom_padding=&#8221;||||false|false&#8221; global_module=&#8221;435&#8243; global_colors_info=&#8221;{}&#8221;][et_pb_row column_structure=&#8221;1_6,1_6,1_6,1_6,1_6,1_6&#8243; use_custom_gutter=&#8221;on&#8221; gutter_width=&#8221;3&#8243; make_equal=&#8221;on&#8221; _builder_version=&#8221;4.25.0&#8243; _module_preset=&#8221;default&#8221; global_colors_info=&#8221;{}&#8221;][et_pb_column type=&#8221;1_6&#8243; _builder_version=&#8221;4.25.0&#8243; _module_preset=&#8221;default&#8221; custom_css_main_element=&#8221;display: flex;||flex-direction: column;||justify-content: center;&#8221; global_colors_info=&#8221;{}&#8221;][et_pb_image src=&#8221;http:\/\/zenobiatraducciones.net\/wp-content\/uploads\/2024\/05\/albertocorazon-roomdiseno-circulo.jpg&#8221; title_text=&#8221;albertocorazon-roomdiseno-circulo&#8221; _builder_version=&#8221;4.25.0&#8243; _module_preset=&#8221;default&#8221; custom_padding=&#8221;30px|30px|30px|30px|true|true&#8221; filter_saturate=&#8221;0%&#8221; global_colors_info=&#8221;{}&#8221;][\/et_pb_image][\/et_pb_column][et_pb_column type=&#8221;1_6&#8243; _builder_version=&#8221;4.25.0&#8243; _module_preset=&#8221;default&#8221; custom_css_main_element=&#8221;display: flex;||flex-direction: column;||justify-content: center;&#8221; global_colors_info=&#8221;{}&#8221;][et_pb_image src=&#8221;http:\/\/zenobiatraducciones.net\/wp-content\/uploads\/2024\/05\/calala.png&#8221; title_text=&#8221;calala&#8221; align=&#8221;center&#8221; _builder_version=&#8221;4.25.0&#8243; _module_preset=&#8221;default&#8221; custom_padding=&#8221;20px|30px|20px|30px|true|true&#8221; filter_saturate=&#8221;0%&#8221; global_colors_info=&#8221;{}&#8221;][\/et_pb_image][\/et_pb_column][et_pb_column type=&#8221;1_6&#8243; _builder_version=&#8221;4.25.0&#8243; _module_preset=&#8221;default&#8221; custom_css_main_element=&#8221;display: flex;||flex-direction: column;||justify-content: center;&#8221; global_colors_info=&#8221;{}&#8221;][et_pb_image src=&#8221;http:\/\/zenobiatraducciones.net\/wp-content\/uploads\/2024\/05\/CASA-ARABE.png&#8221; title_text=&#8221;CASA \u00c1RABE&#8221; align=&#8221;center&#8221; _builder_version=&#8221;4.25.0&#8243; _module_preset=&#8221;default&#8221; filter_saturate=&#8221;0%&#8221; global_colors_info=&#8221;{}&#8221;][\/et_pb_image][\/et_pb_column][et_pb_column type=&#8221;1_6&#8243; _builder_version=&#8221;4.25.0&#8243; _module_preset=&#8221;default&#8221; custom_css_main_element=&#8221;display: flex;||flex-direction: column;||justify-content: center;&#8221; global_colors_info=&#8221;{}&#8221;][et_pb_image src=&#8221;http:\/\/zenobiatraducciones.net\/wp-content\/uploads\/2024\/05\/CDN.png&#8221; title_text=&#8221;CDN&#8221; align=&#8221;center&#8221; _builder_version=&#8221;4.25.0&#8243; _module_preset=&#8221;default&#8221; custom_padding=&#8221;34px||34px||true|false&#8221; filter_saturate=&#8221;0%&#8221; global_colors_info=&#8221;{}&#8221;][\/et_pb_image][\/et_pb_column][et_pb_column type=&#8221;1_6&#8243; _builder_version=&#8221;4.25.0&#8243; _module_preset=&#8221;default&#8221; custom_css_main_element=&#8221;display: flex;||flex-direction: column;||justify-content: center;&#8221; global_colors_info=&#8221;{}&#8221;][et_pb_image src=&#8221;http:\/\/zenobiatraducciones.net\/wp-content\/uploads\/2024\/05\/cineteca.png&#8221; title_text=&#8221;cineteca&#8221; align=&#8221;center&#8221; _builder_version=&#8221;4.25.0&#8243; _module_preset=&#8221;default&#8221; filter_saturate=&#8221;0%&#8221; global_colors_info=&#8221;{}&#8221;][\/et_pb_image][\/et_pb_column][et_pb_column type=&#8221;1_6&#8243; _builder_version=&#8221;4.25.0&#8243; _module_preset=&#8221;default&#8221; custom_css_main_element=&#8221;display: flex;||flex-direction: column;||justify-content: center;&#8221; global_colors_info=&#8221;{}&#8221;][et_pb_image src=&#8221;http:\/\/zenobiatraducciones.net\/wp-content\/uploads\/2024\/05\/ecologistas.png&#8221; title_text=&#8221;ecologistas&#8221; align=&#8221;center&#8221; _builder_version=&#8221;4.25.0&#8243; _module_preset=&#8221;default&#8221; filter_saturate=&#8221;0%&#8221; global_colors_info=&#8221;{}&#8221;][\/et_pb_image][\/et_pb_column][\/et_pb_row][et_pb_row column_structure=&#8221;1_6,1_6,1_6,1_6,1_6,1_6&#8243; use_custom_gutter=&#8221;on&#8221; gutter_width=&#8221;3&#8243; make_equal=&#8221;on&#8221; _builder_version=&#8221;4.25.0&#8243; _module_preset=&#8221;default&#8221; global_colors_info=&#8221;{}&#8221;][et_pb_column type=&#8221;1_6&#8243; _builder_version=&#8221;4.25.0&#8243; _module_preset=&#8221;default&#8221; custom_css_main_element=&#8221;display: flex;||flex-direction: column;||justify-content: center;&#8221; global_colors_info=&#8221;{}&#8221;][et_pb_image src=&#8221;http:\/\/zenobiatraducciones.net\/wp-content\/uploads\/2024\/05\/CSIC.png&#8221; title_text=&#8221;CSIC&#8221; _builder_version=&#8221;4.25.0&#8243; _module_preset=&#8221;default&#8221; custom_padding=&#8221;34px||34px||true|false&#8221; filter_saturate=&#8221;0%&#8221; global_colors_info=&#8221;{}&#8221;][\/et_pb_image][\/et_pb_column][et_pb_column type=&#8221;1_6&#8243; _builder_version=&#8221;4.25.0&#8243; _module_preset=&#8221;default&#8221; custom_css_main_element=&#8221;display: flex;||flex-direction: column;||justify-content: center;&#8221; global_colors_info=&#8221;{}&#8221;][et_pb_image src=&#8221;http:\/\/zenobiatraducciones.net\/wp-content\/uploads\/2024\/05\/min.cultura.png&#8221; title_text=&#8221;min.cultura&#8221; align=&#8221;center&#8221; _builder_version=&#8221;4.25.0&#8243; _module_preset=&#8221;default&#8221; filter_saturate=&#8221;0%&#8221; global_colors_info=&#8221;{}&#8221;][\/et_pb_image][\/et_pb_column][et_pb_column type=&#8221;1_6&#8243; _builder_version=&#8221;4.25.0&#8243; _module_preset=&#8221;default&#8221; custom_css_main_element=&#8221;display: flex;||flex-direction: column;||justify-content: center;&#8221; global_colors_info=&#8221;{}&#8221;][et_pb_image src=&#8221;http:\/\/zenobiatraducciones.net\/wp-content\/uploads\/2024\/05\/Filmo.png&#8221; title_text=&#8221;Filmo&#8221; align=&#8221;center&#8221; _builder_version=&#8221;4.25.0&#8243; _module_preset=&#8221;default&#8221; filter_saturate=&#8221;0%&#8221; global_colors_info=&#8221;{}&#8221;][\/et_pb_image][\/et_pb_column][et_pb_column type=&#8221;1_6&#8243; _builder_version=&#8221;4.25.0&#8243; _module_preset=&#8221;default&#8221; custom_css_main_element=&#8221;display: flex;||flex-direction: column;||justify-content: center;&#8221; global_colors_info=&#8221;{}&#8221;][et_pb_image src=&#8221;http:\/\/zenobiatraducciones.net\/wp-content\/uploads\/2024\/05\/INTERMEDIAE.png&#8221; title_text=&#8221;INTERMEDIAE&#8221; align=&#8221;center&#8221; _builder_version=&#8221;4.25.0&#8243; _module_preset=&#8221;default&#8221; filter_saturate=&#8221;0%&#8221; global_colors_info=&#8221;{}&#8221;][\/et_pb_image][\/et_pb_column][et_pb_column type=&#8221;1_6&#8243; _builder_version=&#8221;4.25.0&#8243; _module_preset=&#8221;default&#8221; custom_css_main_element=&#8221;display: flex;||flex-direction: column;||justify-content: center;&#8221; global_colors_info=&#8221;{}&#8221;][et_pb_image src=&#8221;http:\/\/zenobiatraducciones.net\/wp-content\/uploads\/2024\/05\/Medicos-del-mUNdo.png&#8221; title_text=&#8221;M\u00e9dicos del mUNdo&#8221; align=&#8221;center&#8221; _builder_version=&#8221;4.25.0&#8243; _module_preset=&#8221;default&#8221; custom_padding=&#8221;34px||34px||true|false&#8221; filter_saturate=&#8221;0%&#8221; global_colors_info=&#8221;{}&#8221;][\/et_pb_image][\/et_pb_column][et_pb_column type=&#8221;1_6&#8243; _builder_version=&#8221;4.25.0&#8243; _module_preset=&#8221;default&#8221; custom_css_main_element=&#8221;display: flex;||flex-direction: column;||justify-content: center;&#8221; global_colors_info=&#8221;{}&#8221;][et_pb_image src=&#8221;http:\/\/zenobiatraducciones.net\/wp-content\/uploads\/2024\/05\/min-igualdad.png&#8221; title_text=&#8221;min igualdad&#8221; _builder_version=&#8221;4.25.0&#8243; _module_preset=&#8221;default&#8221; filter_saturate=&#8221;0%&#8221; global_colors_info=&#8221;{}&#8221;][\/et_pb_image][\/et_pb_column][\/et_pb_row][et_pb_row column_structure=&#8221;1_6,1_6,1_6,1_6,1_6,1_6&#8243; use_custom_gutter=&#8221;on&#8221; gutter_width=&#8221;3&#8243; make_equal=&#8221;on&#8221; _builder_version=&#8221;4.25.0&#8243; _module_preset=&#8221;default&#8221; global_colors_info=&#8221;{}&#8221;][et_pb_column type=&#8221;1_6&#8243; _builder_version=&#8221;4.25.0&#8243; _module_preset=&#8221;default&#8221; custom_css_main_element=&#8221;display: flex;||flex-direction: column;||justify-content: center;&#8221; global_colors_info=&#8221;{}&#8221;][et_pb_image src=&#8221;http:\/\/zenobiatraducciones.net\/wp-content\/uploads\/2024\/05\/intermon.png&#8221; alt=&#8221;Intermon&#8221; title_text=&#8221;Intermon&#8221; _builder_version=&#8221;4.25.0&#8243; _module_preset=&#8221;default&#8221; filter_saturate=&#8221;0%&#8221; global_colors_info=&#8221;{}&#8221;][\/et_pb_image][\/et_pb_column][et_pb_column type=&#8221;1_6&#8243; _builder_version=&#8221;4.25.0&#8243; _module_preset=&#8221;default&#8221; custom_css_main_element=&#8221;display: flex;||flex-direction: column;||justify-content: center;&#8221; global_colors_info=&#8221;{}&#8221;][et_pb_image src=&#8221;http:\/\/zenobiatraducciones.net\/wp-content\/uploads\/2024\/05\/Mesa-de-trabajo-1-copia-4-100.jpg&#8221; title_text=&#8221;Mesa de trabajo 1 copia 4-100&#8243; align=&#8221;center&#8221; _builder_version=&#8221;4.25.0&#8243; _module_preset=&#8221;default&#8221; filter_saturate=&#8221;0%&#8221; global_colors_info=&#8221;{}&#8221;][\/et_pb_image][\/et_pb_column][et_pb_column type=&#8221;1_6&#8243; _builder_version=&#8221;4.25.0&#8243; _module_preset=&#8221;default&#8221; custom_css_main_element=&#8221;display: flex;||flex-direction: column;||justify-content: center;&#8221; global_colors_info=&#8221;{}&#8221;][et_pb_image src=&#8221;http:\/\/zenobiatraducciones.net\/wp-content\/uploads\/2024\/05\/Museo_Nacional_Centro_de_Arte_Reina_Sofia_logo.svg_.png&#8221; title_text=&#8221;Museo_Nacional_Centro_de_Arte_Reina_Sof\u00eda_logo.svg&#8221; align=&#8221;center&#8221; _builder_version=&#8221;4.25.0&#8243; _module_preset=&#8221;default&#8221; filter_saturate=&#8221;0%&#8221; global_colors_info=&#8221;{}&#8221;][\/et_pb_image][\/et_pb_column][et_pb_column type=&#8221;1_6&#8243; _builder_version=&#8221;4.25.0&#8243; _module_preset=&#8221;default&#8221; custom_css_main_element=&#8221;display: flex;||flex-direction: column;||justify-content: center;&#8221; global_colors_info=&#8221;{}&#8221;][et_pb_image src=&#8221;http:\/\/zenobiatraducciones.net\/wp-content\/uploads\/2024\/05\/open-society.jpg&#8221; title_text=&#8221;open society&#8221; align=&#8221;center&#8221; _builder_version=&#8221;4.25.0&#8243; _module_preset=&#8221;default&#8221; custom_padding=&#8221;34px||34px||true|false&#8221; filter_saturate=&#8221;0%&#8221; global_colors_info=&#8221;{}&#8221;][\/et_pb_image][\/et_pb_column][et_pb_column type=&#8221;1_6&#8243; _builder_version=&#8221;4.25.0&#8243; _module_preset=&#8221;default&#8221; custom_css_main_element=&#8221;display: flex;||flex-direction: column;||justify-content: center;&#8221; global_colors_info=&#8221;{}&#8221;][et_pb_image src=&#8221;http:\/\/zenobiatraducciones.net\/wp-content\/uploads\/2024\/05\/teatros-del-canal.png&#8221; title_text=&#8221;teatros del canal&#8221; align=&#8221;center&#8221; _builder_version=&#8221;4.25.0&#8243; _module_preset=&#8221;default&#8221; filter_saturate=&#8221;0%&#8221; global_colors_info=&#8221;{}&#8221;][\/et_pb_image][\/et_pb_column][et_pb_column type=&#8221;1_6&#8243; _builder_version=&#8221;4.25.0&#8243; _module_preset=&#8221;default&#8221; custom_css_main_element=&#8221;display: flex;||flex-direction: column;||justify-content: center;&#8221; global_colors_info=&#8221;{}&#8221;][et_pb_image src=&#8221;http:\/\/zenobiatraducciones.net\/wp-content\/uploads\/2024\/09\/Rosa-Luxemburg-Stiftung_Logo.svg_.png&#8221; alt=&#8221;Rosa Luxemburg Foundation&#8221; title_text=&#8221;Fundaci\u00f3n Rosa Luxemburgo&#8221; align=&#8221;center&#8221; _builder_version=&#8221;4.25.0&#8243; _module_preset=&#8221;default&#8221; filter_saturate=&#8221;0%&#8221; global_colors_info=&#8221;{}&#8221;][\/et_pb_image][\/et_pb_column][\/et_pb_row][\/et_pb_section][et_pb_section fb_built=&#8221;1&#8243; _builder_version=&#8221;4.25.0&#8243; _module_preset=&#8221;default&#8221; background_color=&#8221;#f6f6f6&#8243; global_colors_info=&#8221;{}&#8221;][et_pb_row _builder_version=&#8221;4.18.0&#8243; _module_preset=&#8221;default&#8221; custom_margin=&#8221;0px||0px||true|false&#8221; custom_padding=&#8221;3px||3px||true|false&#8221; global_colors_info=&#8221;{}&#8221;][et_pb_column type=&#8221;4_4&#8243; _builder_version=&#8221;4.18.0&#8243; _module_preset=&#8221;default&#8221; global_colors_info=&#8221;{}&#8221;][et_pb_text _builder_version=&#8221;4.25.0&#8243; _module_preset=&#8221;default&#8221; header_font=&#8221;|800|||||||&#8221; header_text_color=&#8221;#A12828&#8243; custom_margin=&#8221;||0px||false|false&#8221; custom_padding=&#8221;||0px||false|false&#8221; global_colors_info=&#8221;{}&#8221;]<\/p>\n<h1>And also&#8230;<\/h1>\n<p>[\/et_pb_text][\/et_pb_column][\/et_pb_row][et_pb_row _builder_version=&#8221;4.25.0&#8243; _module_preset=&#8221;default&#8221; global_colors_info=&#8221;{}&#8221;][et_pb_column type=&#8221;4_4&#8243; _builder_version=&#8221;4.25.0&#8243; _module_preset=&#8221;default&#8221; global_colors_info=&#8221;{}&#8221;][et_pb_text admin_label=&#8221;Texto&#8221; _builder_version=&#8221;4.27.2&#8243; _module_preset=&#8221;default&#8221; global_colors_info=&#8221;{}&#8221;]<\/p>\n<p>We have provided translation and interpreting services both in booths and remotely for internationally renowned <strong>cultural institutions<\/strong> such as the Museo Nacional Centro de Arte Reina Sof\u00eda, the C\u00edrculo de Bellas Artes, the Museo de Arte Contempor\u00e1neo de Barcelona (MACBA), Casa \u00c1rabe, Casa de Am\u00e9rica, International Institute, the US Embassy, Filmoteca Espa\u00f1ola, Cineteca de Madrid, Centro Dram\u00e1tico Nacional, Madrid Destino, Teatros del Canal, Arteleku, Centro de Documentaci\u00f3n y Estudios Avanzados de Arte Contempor\u00e1neo, Acci\u00f3n Cultural Espa\u00f1ola, L&#8217;Internationale or Intermediae; <strong>festivals<\/strong> such as Festival E\u00f1e, Festival M\u00e1rgenes, Festival Rizoma, Festival de Oto\u00f1o de la Comunidad de Madrid, Teatralia, Documenta Madrid;   <strong>public bodies<\/strong> such as the Ministry of Social Rights, the Ministry of Equality, the Ministry of Culture and the Spanish Council for Scientific Research (CSIC); <strong>universities<\/strong> such as Universidad Complutense de Madrid, Universidad Aut\u00f3noma de Madrid, Universidad Europea de Madrid, Universidad Rey Juan Carlos, Universidad de Murcia, Universidad Carlos III, UNED, Escuela de Cinematograf\u00eda y del Audiovisual de la Comunidad de Madrid, Universidad Internacional de Andaluc\u00eda (UNIA), Universidad de Valladolid, Universidad de La Laguna, Antwerp University, State University of New York, Goldsmiths University of London, University of Gothenburg, Konstfack University of Oslo, Goethe Universit\u00e4t, Texas Tech University and Friedrich-Schiller-Universit\u00e4t Jena; <strong>international organizations<\/strong>  linked to the United Nations;  <strong>publishers<\/strong>  such as Capit\u00e1n Swing, Bellatera, Akal, Anagrama, Ediciones del Oriente y el Mediterr\u00e1neo, Alianza Editorial, Editorial El Viejo Topo, Editorial Trotta, Editorial Acuarela, Editorial Foca or Traficantes de Sue\u00f1os;  <strong>civil society organizations<\/strong> such as Oxfam-Interm\u00f3n, Greenpeace, Open Society Foundation, Fundaci\u00f3n Once, GrApSIA (AISSG Espa\u00f1a), Veterinarians without Borders, Federaci\u00f3n de ONGD de la Comunidad de Madrid, Rosa Luxembourg Stiftung, New Economy Coalition, Women&#8217;s Worlds Conference, M\u00e9dicos del Mundo, Ecologistas en Acci\u00f3n, Economistas sin Fronteras, IEPALA, Liga Espa\u00f1ola por la Educaci\u00f3n, Fundaci\u00f3n de los Comunes, Fundaci\u00f3n Carolina, Ayuda en Acci\u00f3n, Acci\u00f3n contra el Hambre or Calala Fondo de Mujeres.<\/p>\n<p>Over the years <strong>we have had the honor of translating<\/strong>: Angela Davis, Arundhati Roy, Vandana Shiva, Judith Butler, Salman Rushdie, Naomi Klein, Georges Didi-Huberman, Aki Kaurism\u00e4ki, Slavoj \u017di\u017eek, Gayatri Spivak, Ngugi Wa Thiongo, Silvia Federici, Michael Hardt, Antonio Negri, John Waters, Tariq Ali, Suely Rolnik, Kerry James Marshall, Samir Amin, Nancy Fraser, Simon Njami, Perry Anderson, Susan George, Robert Brenner, David Harvey, Mike Davis, Maria Galindo, Lynne Cooke, Ece Temelkuran, Kidlat Tahimik, Asef Bayat, Richard Sennet, Ethan Hawke, Julian Assange, Yann Moulier Boutang, Oliver Stone, Peter Weir, Norman Foster, Mona Elhatawy, Pratibha Parmar, David Lynch, Giovanni Arrighi, Peter Gowan, Isabell Lorey, Hito Steyerl, Susan Watkins, Annie Sprinkle, Angela Melitopoulos, Alessandro Baricco, Ken Bugul, Peter Linebaugh, Fredric Jameson, Guy Standing, Owen Jones, Patricia Leighton, Melinda Cooper, Yayo Herrero, Timothy J Clark, C\u00e9cile Debray, Juan Mayorga, Philippe Sands, Erri de Luca, Frederic Jameson, Meltem Ahiska, Paul Mason, Denise Ferreira da Silva, Rita Segato, Darcus Howe, Ana Longoni, Judith Revel, Santiago Alba Rico, Sophie Lewis, Thomas Piketty, Stavros Stavrides, Renata Souza, Beverly Silver, Sami Nair, Jonathan Demme, Falke Pisano, Marina Garc\u00e9s, Jay Pather, Oliver Ressler, Asunci\u00f3n Molinos Gordo, Nedjma Hadj Benchelabi, Bouchra Ouizguen, Alisa de Re, Ranabir Samaddar, Walter Mignolo, Atreyee Gupta, Eduardo Moura, David Graeber, Keaanga Yamatta Taylor, McKenzie Wark, Lucy Lippard, Laurie Anderson and James Rhodes, as well as many other people and collectives engaged in thought, theater, dance, film, literature, social sciences, education, health, care, social, economic and environmental rights or gastronomy. W<strong>ith them we have learned and enjoyed the craft of translation.<\/strong>  <\/p>\n<p>[\/et_pb_text][\/et_pb_column][\/et_pb_row][\/et_pb_section]<\/p>\n","protected":false},"excerpt":{"rendered":"<p>We have provided translation and interpreting services both in booths and remotely for prestigious international cultural institutions, public organizations, universities and international entities.And also&#8230;We have provided translation and interpreting services both in booths and remotely for internationally renowned cultural institutions such as the Museo Nacional Centro de Arte Reina Sof\u00eda, the C\u00edrculo de Bellas Artes, [&hellip;]<\/p>\n","protected":false},"author":1,"featured_media":0,"parent":0,"menu_order":0,"comment_status":"closed","ping_status":"closed","template":"","meta":{"_et_pb_use_builder":"on","_et_pb_old_content":"","_et_gb_content_width":"","footnotes":""},"class_list":["post-544","page","type-page","status-publish","hentry"],"_links":{"self":[{"href":"http:\/\/zenobiatraducciones.net\/en\/wp-json\/wp\/v2\/pages\/544","targetHints":{"allow":["GET"]}}],"collection":[{"href":"http:\/\/zenobiatraducciones.net\/en\/wp-json\/wp\/v2\/pages"}],"about":[{"href":"http:\/\/zenobiatraducciones.net\/en\/wp-json\/wp\/v2\/types\/page"}],"author":[{"embeddable":true,"href":"http:\/\/zenobiatraducciones.net\/en\/wp-json\/wp\/v2\/users\/1"}],"replies":[{"embeddable":true,"href":"http:\/\/zenobiatraducciones.net\/en\/wp-json\/wp\/v2\/comments?post=544"}],"version-history":[{"count":0,"href":"http:\/\/zenobiatraducciones.net\/en\/wp-json\/wp\/v2\/pages\/544\/revisions"}],"wp:attachment":[{"href":"http:\/\/zenobiatraducciones.net\/en\/wp-json\/wp\/v2\/media?parent=544"}],"curies":[{"name":"wp","href":"https:\/\/api.w.org\/{rel}","templated":true}]}}